{"id":3432,"date":"2021-02-15T16:58:18","date_gmt":"2021-02-15T15:58:18","guid":{"rendered":"https:\/\/www.rifugiolecave.it\/?page_id=3432"},"modified":"2024-03-22T11:56:47","modified_gmt":"2024-03-22T10:56:47","slug":"smart-trekker","status":"publish","type":"page","link":"https:\/\/www.rifugiolecave.it\/index.php\/attivita\/smart-trekker\/","title":{"rendered":"Smart Trekking"},"content":{"rendered":"\n<figure class=\"wp-block-image size-large\"><img loading=\"lazy\" decoding=\"async\" width=\"1024\" height=\"689\" src=\"https:\/\/www.rifugiolecave.it\/wp-content\/uploads\/smart_trekking_cave1-2-1024x689.jpg\" alt=\"\" class=\"wp-image-3415\" srcset=\"https:\/\/www.rifugiolecave.it\/wp-content\/uploads\/smart_trekking_cave1-2-1024x689.jpg 1024w, https:\/\/www.rifugiolecave.it\/wp-content\/uploads\/smart_trekking_cave1-2-300x202.jpg 300w, https:\/\/www.rifugiolecave.it\/wp-content\/uploads\/smart_trekking_cave1-2-768x517.jpg 768w, https:\/\/www.rifugiolecave.it\/wp-content\/uploads\/smart_trekking_cave1-2-1536x1033.jpg 1536w, https:\/\/www.rifugiolecave.it\/wp-content\/uploads\/smart_trekking_cave1-2-2048x1378.jpg 2048w, https:\/\/www.rifugiolecave.it\/wp-content\/uploads\/smart_trekking_cave1-2-600x404.jpg 600w, https:\/\/www.rifugiolecave.it\/wp-content\/uploads\/smart_trekking_cave1-2-89x60.jpg 89w, https:\/\/www.rifugiolecave.it\/wp-content\/uploads\/smart_trekking_cave1-2-134x90.jpg 134w\" sizes=\"auto, (max-width: 1024px) 100vw, 1024px\" \/><\/figure>\n\n\n\n<p>Con l\u2019apertura di molte aziende al lavoro da remoto, sono milioni gli italiani che in questi ultimi tempi hanno potuto sperimentare lo smart working con grande successo, guadagnando in flessibilit\u00e0 e autonomia.<br>Perch\u00e9 quindi non <strong>spostare il proprio ufficio in una riserva naturale<\/strong> e <strong>lontana dallo stress<\/strong>? Il Rifugio Le Cave \u00e8 dotato di una connessione Wi-fi che ti pu\u00f2 permettere di <strong>svolgere le tue mansioni lavorative<\/strong> dal tuo portatile,<strong> lontano dalla frenesia della citt\u00e0<\/strong>.<br>Goditi una giornata di lavoro assorbendo i raggi solari su uno dei tavoli esterni del rifugio oppure al <strong>tepore del caminetto interno<\/strong>.<br>Alla fine delle tue attivit\u00e0 lavorative, potrai goderti una<strong> passeggiata ristorativa nel bosco<\/strong> o un momento di <strong>relax<\/strong> semplicemente ammirando la Natura appena oltre la soglia del rifugio.<\/p>\n\n\n\n<hr class=\"wp-block-separator has-css-opacity\"\/>\n\n\n\n<p><strong><a href=\"http:\/\/www.rifugiolecave.it\/index.php\/contatti\/\">Contattaci per informazioni e prenotazioni!<\/a><\/strong><\/p>\n\n\n\n<p><\/p>\n","protected":false},"excerpt":{"rendered":"<p>Con l\u2019apertura di molte aziende al lavoro da remoto, sono milioni gli italiani che in questi ultimi tempi hanno potuto sperimentare lo smart working con grande successo, guadagnando in flessibilit\u00e0 e autonomia.Perch\u00e9 quindi non spostare il proprio ufficio in una riserva naturale e lontana dallo stress? Il Rifugio Le Cave \u00e8 dotato di una connessione&#8230; <\/p>\n<div class=\"clear\"><\/div>\n<p><a href=\"https:\/\/www.rifugiolecave.it\/index.php\/attivita\/smart-trekker\/\" class=\"excerpt-read-more\">Read More<\/a><\/p>\n","protected":false},"author":1,"featured_media":0,"parent":930,"menu_order":0,"comment_status":"closed","ping_status":"closed","template":"","meta":{"footnotes":""},"class_list":["post-3432","page","type-page","status-publish","hentry"],"yoast_head":"<!-- This site is optimized with the Yoast SEO plugin v27.4 - https:\/\/yoast.com\/product\/yoast-seo-wordpress\/ -->\r\n<title>Smart Trekking - Rifugio le Cave<\/title>\r\n<meta name=\"description\" content=\"Smart Working immersi nella natura della Riserva Naturale Acquerino Cantagallo - rifugio le Cave\" \/>\r\n<meta name=\"robots\" content=\"index, follow, max-snippet:-1, max-image-preview:large, max-video-preview:-1\" \/>\r\n<link rel=\"canonical\" href=\"https:\/\/www.rifugiolecave.it\/index.php\/attivita\/smart-trekker\/\" \/>\r\n<meta property=\"og:locale\" content=\"it_IT\" \/>\r\n<meta property=\"og:type\" content=\"article\" \/>\r\n<meta property=\"og:title\" content=\"Smart Trekking - Rifugio le Cave\" \/>\r\n<meta property=\"og:description\" content=\"Smart Working immersi nella natura della Riserva Naturale Acquerino Cantagallo - rifugio le Cave\" \/>\r\n<meta property=\"og:url\" content=\"https:\/\/www.rifugiolecave.it\/index.php\/attivita\/smart-trekker\/\" \/>\r\n<meta property=\"og:site_name\" content=\"Rifugio le Cave\" \/>\r\n<meta property=\"article:publisher\" content=\"https:\/\/www.facebook.com\/rifugiolecave\" \/>\r\n<meta property=\"article:modified_time\" content=\"2024-03-22T10:56:47+00:00\" \/>\r\n<meta property=\"og:image\" content=\"https:\/\/www.rifugiolecave.it\/wp-content\/uploads\/smart_trekking_cave1-2-1024x689.jpg\" \/>\r\n<meta name=\"twitter:card\" content=\"summary_large_image\" \/>\r\n<meta name=\"twitter:label1\" content=\"Tempo di lettura stimato\" \/>\n\t<meta name=\"twitter:data1\" content=\"1 minuto\" \/>\r\n<script type=\"application\/ld+json\" class=\"yoast-schema-graph\">{\"@context\":\"https:\\\/\\\/schema.org\",\"@graph\":[{\"@type\":\"WebPage\",\"@id\":\"https:\\\/\\\/www.rifugiolecave.it\\\/index.php\\\/attivita\\\/smart-trekker\\\/\",\"url\":\"https:\\\/\\\/www.rifugiolecave.it\\\/index.php\\\/attivita\\\/smart-trekker\\\/\",\"name\":\"Smart Trekking - Rifugio le Cave\",\"isPartOf\":{\"@id\":\"https:\\\/\\\/www.rifugiolecave.it\\\/#website\"},\"primaryImageOfPage\":{\"@id\":\"https:\\\/\\\/www.rifugiolecave.it\\\/index.php\\\/attivita\\\/smart-trekker\\\/#primaryimage\"},\"image\":{\"@id\":\"https:\\\/\\\/www.rifugiolecave.it\\\/index.php\\\/attivita\\\/smart-trekker\\\/#primaryimage\"},\"thumbnailUrl\":\"https:\\\/\\\/www.rifugiolecave.it\\\/wp-content\\\/uploads\\\/smart_trekking_cave1-2-1024x689.jpg\",\"datePublished\":\"2021-02-15T15:58:18+00:00\",\"dateModified\":\"2024-03-22T10:56:47+00:00\",\"description\":\"Smart Working immersi nella natura della Riserva Naturale Acquerino Cantagallo - rifugio le Cave\",\"breadcrumb\":{\"@id\":\"https:\\\/\\\/www.rifugiolecave.it\\\/index.php\\\/attivita\\\/smart-trekker\\\/#breadcrumb\"},\"inLanguage\":\"it-IT\",\"potentialAction\":[{\"@type\":\"ReadAction\",\"target\":[\"https:\\\/\\\/www.rifugiolecave.it\\\/index.php\\\/attivita\\\/smart-trekker\\\/\"]}]},{\"@type\":\"ImageObject\",\"inLanguage\":\"it-IT\",\"@id\":\"https:\\\/\\\/www.rifugiolecave.it\\\/index.php\\\/attivita\\\/smart-trekker\\\/#primaryimage\",\"url\":\"https:\\\/\\\/www.rifugiolecave.it\\\/wp-content\\\/uploads\\\/smart_trekking_cave1-2-1024x689.jpg\",\"contentUrl\":\"https:\\\/\\\/www.rifugiolecave.it\\\/wp-content\\\/uploads\\\/smart_trekking_cave1-2-1024x689.jpg\"},{\"@type\":\"BreadcrumbList\",\"@id\":\"https:\\\/\\\/www.rifugiolecave.it\\\/index.php\\\/attivita\\\/smart-trekker\\\/#breadcrumb\",\"itemListElement\":[{\"@type\":\"ListItem\",\"position\":1,\"name\":\"Home\",\"item\":\"https:\\\/\\\/www.rifugiolecave.it\\\/\"},{\"@type\":\"ListItem\",\"position\":2,\"name\":\"Attivit\u00e0\",\"item\":\"https:\\\/\\\/www.rifugiolecave.it\\\/index.php\\\/attivita\\\/\"},{\"@type\":\"ListItem\",\"position\":3,\"name\":\"Smart Trekking\"}]},{\"@type\":\"WebSite\",\"@id\":\"https:\\\/\\\/www.rifugiolecave.it\\\/#website\",\"url\":\"https:\\\/\\\/www.rifugiolecave.it\\\/\",\"name\":\"Rifugio le Cave\",\"description\":\"Centro di educazione ambientale (CEA)\",\"publisher\":{\"@id\":\"https:\\\/\\\/www.rifugiolecave.it\\\/#organization\"},\"potentialAction\":[{\"@type\":\"SearchAction\",\"target\":{\"@type\":\"EntryPoint\",\"urlTemplate\":\"https:\\\/\\\/www.rifugiolecave.it\\\/?s={search_term_string}\"},\"query-input\":{\"@type\":\"PropertyValueSpecification\",\"valueRequired\":true,\"valueName\":\"search_term_string\"}}],\"inLanguage\":\"it-IT\"},{\"@type\":\"Organization\",\"@id\":\"https:\\\/\\\/www.rifugiolecave.it\\\/#organization\",\"name\":\"Rifugio le Cave\",\"url\":\"https:\\\/\\\/www.rifugiolecave.it\\\/\",\"logo\":{\"@type\":\"ImageObject\",\"inLanguage\":\"it-IT\",\"@id\":\"https:\\\/\\\/www.rifugiolecave.it\\\/#\\\/schema\\\/logo\\\/image\\\/\",\"url\":\"https:\\\/\\\/www.rifugiolecave.it\\\/wp-content\\\/uploads\\\/ecoturismo-nero_logo.png\",\"contentUrl\":\"https:\\\/\\\/www.rifugiolecave.it\\\/wp-content\\\/uploads\\\/ecoturismo-nero_logo.png\",\"width\":250,\"height\":245,\"caption\":\"Rifugio le Cave\"},\"image\":{\"@id\":\"https:\\\/\\\/www.rifugiolecave.it\\\/#\\\/schema\\\/logo\\\/image\\\/\"},\"sameAs\":[\"https:\\\/\\\/www.facebook.com\\\/rifugiolecave\",\"https:\\\/\\\/www.instagram.com\\\/rifugiolecave\\\/\"]}]}<\/script>\r\n<!-- \/ Yoast SEO plugin. -->","yoast_head_json":{"title":"Smart Trekking - Rifugio le Cave","description":"Smart Working immersi nella natura della Riserva Naturale Acquerino Cantagallo - rifugio le Cave","robots":{"index":"index","follow":"follow","max-snippet":"max-snippet:-1","max-image-preview":"max-image-preview:large","max-video-preview":"max-video-preview:-1"},"canonical":"https:\/\/www.rifugiolecave.it\/index.php\/attivita\/smart-trekker\/","og_locale":"it_IT","og_type":"article","og_title":"Smart Trekking - Rifugio le Cave","og_description":"Smart Working immersi nella natura della Riserva Naturale Acquerino Cantagallo - rifugio le Cave","og_url":"https:\/\/www.rifugiolecave.it\/index.php\/attivita\/smart-trekker\/","og_site_name":"Rifugio le Cave","article_publisher":"https:\/\/www.facebook.com\/rifugiolecave","article_modified_time":"2024-03-22T10:56:47+00:00","og_image":[{"url":"https:\/\/www.rifugiolecave.it\/wp-content\/uploads\/smart_trekking_cave1-2-1024x689.jpg","type":"","width":"","height":""}],"twitter_card":"summary_large_image","twitter_misc":{"Tempo di lettura stimato":"1 minuto"},"schema":{"@context":"https:\/\/schema.org","@graph":[{"@type":"WebPage","@id":"https:\/\/www.rifugiolecave.it\/index.php\/attivita\/smart-trekker\/","url":"https:\/\/www.rifugiolecave.it\/index.php\/attivita\/smart-trekker\/","name":"Smart Trekking - Rifugio le Cave","isPartOf":{"@id":"https:\/\/www.rifugiolecave.it\/#website"},"primaryImageOfPage":{"@id":"https:\/\/www.rifugiolecave.it\/index.php\/attivita\/smart-trekker\/#primaryimage"},"image":{"@id":"https:\/\/www.rifugiolecave.it\/index.php\/attivita\/smart-trekker\/#primaryimage"},"thumbnailUrl":"https:\/\/www.rifugiolecave.it\/wp-content\/uploads\/smart_trekking_cave1-2-1024x689.jpg","datePublished":"2021-02-15T15:58:18+00:00","dateModified":"2024-03-22T10:56:47+00:00","description":"Smart Working immersi nella natura della Riserva Naturale Acquerino Cantagallo - rifugio le Cave","breadcrumb":{"@id":"https:\/\/www.rifugiolecave.it\/index.php\/attivita\/smart-trekker\/#breadcrumb"},"inLanguage":"it-IT","potentialAction":[{"@type":"ReadAction","target":["https:\/\/www.rifugiolecave.it\/index.php\/attivita\/smart-trekker\/"]}]},{"@type":"ImageObject","inLanguage":"it-IT","@id":"https:\/\/www.rifugiolecave.it\/index.php\/attivita\/smart-trekker\/#primaryimage","url":"https:\/\/www.rifugiolecave.it\/wp-content\/uploads\/smart_trekking_cave1-2-1024x689.jpg","contentUrl":"https:\/\/www.rifugiolecave.it\/wp-content\/uploads\/smart_trekking_cave1-2-1024x689.jpg"},{"@type":"BreadcrumbList","@id":"https:\/\/www.rifugiolecave.it\/index.php\/attivita\/smart-trekker\/#breadcrumb","itemListElement":[{"@type":"ListItem","position":1,"name":"Home","item":"https:\/\/www.rifugiolecave.it\/"},{"@type":"ListItem","position":2,"name":"Attivit\u00e0","item":"https:\/\/www.rifugiolecave.it\/index.php\/attivita\/"},{"@type":"ListItem","position":3,"name":"Smart Trekking"}]},{"@type":"WebSite","@id":"https:\/\/www.rifugiolecave.it\/#website","url":"https:\/\/www.rifugiolecave.it\/","name":"Rifugio le Cave","description":"Centro di educazione ambientale (CEA)","publisher":{"@id":"https:\/\/www.rifugiolecave.it\/#organization"},"potentialAction":[{"@type":"SearchAction","target":{"@type":"EntryPoint","urlTemplate":"https:\/\/www.rifugiolecave.it\/?s={search_term_string}"},"query-input":{"@type":"PropertyValueSpecification","valueRequired":true,"valueName":"search_term_string"}}],"inLanguage":"it-IT"},{"@type":"Organization","@id":"https:\/\/www.rifugiolecave.it\/#organization","name":"Rifugio le Cave","url":"https:\/\/www.rifugiolecave.it\/","logo":{"@type":"ImageObject","inLanguage":"it-IT","@id":"https:\/\/www.rifugiolecave.it\/#\/schema\/logo\/image\/","url":"https:\/\/www.rifugiolecave.it\/wp-content\/uploads\/ecoturismo-nero_logo.png","contentUrl":"https:\/\/www.rifugiolecave.it\/wp-content\/uploads\/ecoturismo-nero_logo.png","width":250,"height":245,"caption":"Rifugio le Cave"},"image":{"@id":"https:\/\/www.rifugiolecave.it\/#\/schema\/logo\/image\/"},"sameAs":["https:\/\/www.facebook.com\/rifugiolecave","https:\/\/www.instagram.com\/rifugiolecave\/"]}]}},"_links":{"self":[{"href":"https:\/\/www.rifugiolecave.it\/index.php\/wp-json\/wp\/v2\/pages\/3432","targetHints":{"allow":["GET"]}}],"collection":[{"href":"https:\/\/www.rifugiolecave.it\/index.php\/wp-json\/wp\/v2\/pages"}],"about":[{"href":"https:\/\/www.rifugiolecave.it\/index.php\/wp-json\/wp\/v2\/types\/page"}],"author":[{"embeddable":true,"href":"https:\/\/www.rifugiolecave.it\/index.php\/wp-json\/wp\/v2\/users\/1"}],"replies":[{"embeddable":true,"href":"https:\/\/www.rifugiolecave.it\/index.php\/wp-json\/wp\/v2\/comments?post=3432"}],"version-history":[{"count":5,"href":"https:\/\/www.rifugiolecave.it\/index.php\/wp-json\/wp\/v2\/pages\/3432\/revisions"}],"predecessor-version":[{"id":4671,"href":"https:\/\/www.rifugiolecave.it\/index.php\/wp-json\/wp\/v2\/pages\/3432\/revisions\/4671"}],"up":[{"embeddable":true,"href":"https:\/\/www.rifugiolecave.it\/index.php\/wp-json\/wp\/v2\/pages\/930"}],"wp:attachment":[{"href":"https:\/\/www.rifugiolecave.it\/index.php\/wp-json\/wp\/v2\/media?parent=3432"}],"curies":[{"name":"wp","href":"https:\/\/api.w.org\/{rel}","templated":true}]}}